{"id":83491,"date":"2024-10-24T09:36:02","date_gmt":"2024-10-24T09:36:02","guid":{"rendered":"https:\/\/elgonstore.com\/?post_type=product&#038;p=83491"},"modified":"2024-10-24T09:36:02","modified_gmt":"2024-10-24T09:36:02","slug":"spell-of-catastrophe","status":"publish","type":"product","link":"https:\/\/elgonstore.com\/index.php\/product\/spell-of-catastrophe\/","title":{"rendered":"Spell of catastrophe"},"content":{"rendered":"<p><span class=\"Formatted\">Welcome to the Dance of Gods!<\/p>\n<p>In a world of magic, where computers and nanotechnology are long gone, where thoughtless gods struggle for power with little regard for those below, one unlucky man must make some tough decisions &#8230;<\/p>\n<p>Maximillian the Vaguely Disreputable isn\u00e2 t sure what\u00e2 s going on in the village of Roosing Oolvaya. Someone&#8211;probably a god&#8211;has trapped Max\u00e2 s friend The Great Karlini in a castle that keeps trying to move at the most inconvenient times, and naturally it\u00e2 s up to Max to figure out how to spring him. But the gods throwing their weight around in Roosing Oolvaya are more than Max bargained for, and soon he\u00e2 s caught between necromancers, working with a detective named The Creeping Sword, and even dancing with Death itself in a desperate attempt to save the city from catastrophe.<\/p>\n<p>Three separate lines of action engage disparate characters in a race to converge at last in a huge blast of action &#8230; leaving the reader breathless but satisfied.\u00e2 &#8211;Kliatt<\/span><\/p>\n","protected":false},"excerpt":{"rendered":"<ul>\n<li>E book<\/li>\n<li>Fiction<\/li>\n<li>Fantasy<\/li>\n<li>Science fiction<\/li>\n<\/ul>\n","protected":false},"featured_media":83492,"comment_status":"open","ping_status":"closed","template":"","meta":[],"product_cat":[274,255,273],"product_tag":[],"class_list":{"0":"post-83491","1":"product","2":"type-product","3":"status-publish","4":"has-post-thumbnail","6":"product_cat-fantasy","7":"product_cat-fiction","8":"product_cat-science-fiction","10":"first","11":"instock","12":"sale","13":"downloadable","14":"virtual","15":"purchasable","16":"product-type-simple"},"_links":{"self":[{"href":"https:\/\/elgonstore.com\/index.php\/wp-json\/wp\/v2\/product\/83491","targetHints":{"allow":["GET"]}}],"collection":[{"href":"https:\/\/elgonstore.com\/index.php\/wp-json\/wp\/v2\/product"}],"about":[{"href":"https:\/\/elgonstore.com\/index.php\/wp-json\/wp\/v2\/types\/product"}],"replies":[{"embeddable":true,"href":"https:\/\/elgonstore.com\/index.php\/wp-json\/wp\/v2\/comments?post=83491"}],"wp:featuredmedia":[{"embeddable":true,"href":"https:\/\/elgonstore.com\/index.php\/wp-json\/wp\/v2\/media\/83492"}],"wp:attachment":[{"href":"https:\/\/elgonstore.com\/index.php\/wp-json\/wp\/v2\/media?parent=83491"}],"wp:term":[{"taxonomy":"product_cat","embeddable":true,"href":"https:\/\/elgonstore.com\/index.php\/wp-json\/wp\/v2\/product_cat?post=83491"},{"taxonomy":"product_tag","embeddable":true,"href":"https:\/\/elgonstore.com\/index.php\/wp-json\/wp\/v2\/product_tag?post=83491"}],"curies":[{"name":"wp","href":"https:\/\/api.w.org\/{rel}","templated":true}]}}